{"id":10,"date":"2026-02-05T07:38:26","date_gmt":"2026-02-05T07:38:26","guid":{"rendered":"https:\/\/isbm-molding.com\/cart\/"},"modified":"2026-02-05T07:39:07","modified_gmt":"2026-02-05T07:39:07","slug":"cart","status":"publish","type":"page","link":"https:\/\/isbm-molding.com\/vi\/xe-day\/","title":{"rendered":"Xe \u0111\u1ea9y"},"content":{"rendered":"<div data-block-name=\"woocommerce\/cart\" class=\"wp-block-woocommerce-cart alignwide is-loading\">\n<div data-block-name=\"woocommerce\/filled-cart-block\" class=\"wp-block-woocommerce-filled-cart-block\">\n<div data-block-name=\"woocommerce\/cart-items-block\" class=\"wp-block-woocommerce-cart-items-block\">\n<div data-block-name=\"woocommerce\/cart-line-items-block\" class=\"wp-block-woocommerce-cart-line-items-block\"><\/div>\n\n\n<\/div>\n\n\n\n\n<div data-block-name=\"woocommerce\/cart-totals-block\" class=\"wp-block-woocommerce-cart-totals-block\">\n<div data-block-name=\"woocommerce\/cart-order-summary-block\" class=\"wp-block-woocommerce-cart-order-summary-block\">\n<div data-block-name=\"woocommerce\/cart-order-summary-heading-block\" class=\"wp-block-woocommerce-cart-order-summary-heading-block\"><\/div><div data-block-name=\"woocommerce\/cart-order-summary-coupon-form-block\" class=\"wp-block-woocommerce-cart-order-summary-coupon-form-block\"><\/div><div data-block-name=\"woocommerce\/cart-order-summary-totals-block\" class=\"wp-block-woocommerce-cart-order-summary-totals-block\">\n<div data-block-name=\"woocommerce\/cart-order-summary-subtotal-block\" class=\"wp-block-woocommerce-cart-order-summary-subtotal-block\"><\/div>\n<div data-block-name=\"woocommerce\/cart-order-summary-discount-block\" class=\"wp-block-woocommerce-cart-order-summary-discount-block\"><\/div>\n<div data-block-name=\"woocommerce\/cart-order-summary-fee-block\" class=\"wp-block-woocommerce-cart-order-summary-fee-block\"><\/div>\n<div data-block-name=\"woocommerce\/cart-order-summary-shipping-block\" class=\"wp-block-woocommerce-cart-order-summary-shipping-block\"><\/div>\n<div data-block-name=\"woocommerce\/cart-order-summary-taxes-block\" class=\"wp-block-woocommerce-cart-order-summary-taxes-block\"><\/div><\/div>\n<\/div>\n\n\n\n<div data-block-name=\"woocommerce\/cart-express-payment-block\" class=\"wp-block-woocommerce-cart-express-payment-block\"><\/div>\n\n\n\n<div data-block-name=\"woocommerce\/proceed-to-checkout-block\" class=\"wp-block-woocommerce-proceed-to-checkout-block\"><\/div>\n\n\n\n<div data-block-name=\"woocommerce\/cart-accepted-payment-methods-block\" class=\"wp-block-woocommerce-cart-accepted-payment-methods-block\"><\/div>\n<\/div>\n<\/div>\n\n\n\n<div data-block-name=\"woocommerce\/empty-cart-block\" class=\"wp-block-woocommerce-empty-cart-block\">\n<h2 class=\"wp-block-heading has-text-align-center with-empty-cart-icon wc-block-cart__empty-cart__title\">Gi\u1ecf h\u00e0ng c\u1ee7a b\u1ea1n hi\u1ec7n \u0111ang tr\u1ed1ng!<\/h2>\n\n\n\n<hr class=\"wp-block-separator has-alpha-channel-opacity is-style-dots\"\/>\n\n\n\n<h2 class=\"wp-block-heading has-text-align-center\">S\u1ea3n ph\u1ea9m m\u1edbi t\u1ea1i c\u1eeda h\u00e0ng<\/h2>\n\n\n<div data-block-name=\"woocommerce\/product-new\" data-columns=\"4\" data-rows=\"1\" class=\"wc-block-grid wp-block-product-new wp-block-woocommerce-product-new wc-block-product-new has-4-columns\"><ul class=\"wc-block-grid__products\"><li class=\"wc-block-grid__product\">\n\t\t\t\t<a href=\"https:\/\/isbm-molding.com\/vi\/san-pham\/533\/\" class=\"wc-block-grid__product-link\">\n\t\t\t\t\t\n\t\t\t\t\t<div class=\"wc-block-grid__product-image\"><img loading=\"lazy\" decoding=\"async\" width=\"300\" height=\"300\" src=\"https:\/\/isbm-molding.com\/wp-content\/uploads\/woocommerce-placeholder-300x300.webp\" class=\"woocommerce-placeholder wp-post-image\" alt=\"\" srcset=\"https:\/\/isbm-molding.com\/wp-content\/uploads\/woocommerce-placeholder-300x300.webp 300w, https:\/\/isbm-molding.com\/wp-content\/uploads\/woocommerce-placeholder-100x100.webp 100w, https:\/\/isbm-molding.com\/wp-content\/uploads\/woocommerce-placeholder-600x600.webp 600w, https:\/\/isbm-molding.com\/wp-content\/uploads\/woocommerce-placeholder-1024x1024.webp 1024w, https:\/\/isbm-molding.com\/wp-content\/uploads\/woocommerce-placeholder-150x150.webp 150w, https:\/\/isbm-molding.com\/wp-content\/uploads\/woocommerce-placeholder-768x768.webp 768w, https:\/\/isbm-molding.com\/wp-content\/uploads\/woocommerce-placeholder.webp 1200w\" sizes=\"auto, (max-width: 300px) 100vw, 300px\" \/><\/div>\n\t\t\t\t\t<div class=\"wc-block-grid__product-title\"><\/div>\n\t\t\t\t<\/a>\n\t\t\t\t<div class=\"wc-block-grid__product-price price\"><\/div>\n\t\t\t\t\n\t\t\t\t<div class=\"wp-block-button wc-block-grid__product-add-to-cart\"><a href=\"https:\/\/isbm-molding.com\/vi\/san-pham\/533\/\" aria-label=\"\u0110\u1ecdc th\u00eam v\u1ec1 \u201c\u201d\" data-quantity=\"1\" data-product_id=\"533\" data-product_sku=\"\" data-price=\"0\" rel=\"nofollow\" class=\"wp-block-button__link  add_to_cart_button\" data-no-translation=\"\" data-trp-gettext=\"\" data-no-translation-aria-label=\"\">\u0110\u1ecdc ti\u1ebfp<\/a><\/div>\n\t\t\t<\/li><li class=\"wc-block-grid__product\">\n\t\t\t\t<a href=\"https:\/\/isbm-molding.com\/vi\/san-pham\/150ml-injection-stretch-blow-molding-isbm-mold-assembly\/\" class=\"wc-block-grid__product-link\">\n\t\t\t\t\t\n\t\t\t\t\t<div class=\"wc-block-grid__product-image\"><img loading=\"lazy\" decoding=\"async\" width=\"300\" height=\"300\" src=\"https:\/\/isbm-molding.com\/wp-content\/uploads\/2026\/03\/0-One-step-Injection-Stretch-Blowing-Mould-1-300x300.webp\" class=\"attachment-woocommerce_thumbnail size-woocommerce_thumbnail\" alt=\"Khu\u00f4n th\u1ed5i k\u00e9o gi\u00e3n phun m\u1ed9t b\u01b0\u1edbc 1\" \/><\/div>\n\t\t\t\t\t<div class=\"wc-block-grid__product-title\">Khu\u00f4n \u00e9p phun k\u00e9o gi\u00e3n th\u1ed5i ISBM 150ml\u00a0\u00a0<\/div>\n\t\t\t\t<\/a>\n\t\t\t\t<div class=\"wc-block-grid__product-price price\"><\/div>\n\t\t\t\t\n\t\t\t\t<div class=\"wp-block-button wc-block-grid__product-add-to-cart\"><a href=\"https:\/\/isbm-molding.com\/vi\/san-pham\/150ml-injection-stretch-blow-molding-isbm-mold-assembly\/\" aria-label=\"\u0110\u1ecdc th\u00eam v\u1ec1 \u201c150ml Injection Stretch Blow Molding ISBM Mold Assembly\u00a0\u00a0\u201d\" data-quantity=\"1\" data-product_id=\"530\" data-product_sku=\"\" data-price=\"0\" rel=\"nofollow\" class=\"wp-block-button__link  add_to_cart_button\" data-no-translation=\"\" data-trp-gettext=\"\" data-no-translation-aria-label=\"\">\u0110\u1ecdc ti\u1ebfp<\/a><\/div>\n\t\t\t<\/li><li class=\"wc-block-grid__product\">\n\t\t\t\t<a href=\"https:\/\/isbm-molding.com\/vi\/san-pham\/direct-replacement-15ml-core-mold-for-asb-12m-1x6-cavity\/\" class=\"wc-block-grid__product-link\">\n\t\t\t\t\t\n\t\t\t\t\t<div class=\"wc-block-grid__product-image\"><img loading=\"lazy\" decoding=\"async\" width=\"300\" height=\"300\" src=\"https:\/\/isbm-molding.com\/wp-content\/uploads\/2026\/03\/0-One-step-Injection-Stretch-Blowing-Mould-4-300x300.webp\" class=\"attachment-woocommerce_thumbnail size-woocommerce_thumbnail\" alt=\"Khu\u00f4n th\u1ed5i k\u00e9o gi\u00e3n phun m\u1ed9t b\u01b0\u1edbc\" \/><\/div>\n\t\t\t\t\t<div class=\"wc-block-grid__product-title\">Khu\u00f4n l\u00f5i thay th\u1ebf tr\u1ef1c ti\u1ebfp 15ml cho ASB-12M (1\u00d76 khoang) \u2013 Khu\u00f4n ch\u00ednh x\u00e1c \u0111\u1ea1t ti\u00eau chu\u1ea9n OEM<\/div>\n\t\t\t\t<\/a>\n\t\t\t\t<div class=\"wc-block-grid__product-price price\"><\/div>\n\t\t\t\t\n\t\t\t\t<div class=\"wp-block-button wc-block-grid__product-add-to-cart\"><a href=\"https:\/\/isbm-molding.com\/vi\/san-pham\/direct-replacement-15ml-core-mold-for-asb-12m-1x6-cavity\/\" aria-label=\"\u0110\u1ecdc th\u00eam v\u1ec1 \u201cDirect Replacement 15ml Core Mold for ASB-12M (1x6 Cavity) \u2013 OEM-Grade Precision Tooling\u201d\" data-quantity=\"1\" data-product_id=\"514\" data-product_sku=\"\" data-price=\"0\" rel=\"nofollow\" class=\"wp-block-button__link  add_to_cart_button\" data-no-translation=\"\" data-trp-gettext=\"\" data-no-translation-aria-label=\"\">\u0110\u1ecdc ti\u1ebfp<\/a><\/div>\n\t\t\t<\/li><li class=\"wc-block-grid__product\">\n\t\t\t\t<a href=\"https:\/\/isbm-molding.com\/vi\/san-pham\/asb-12m-dedicated-mold-connection-support-plate\/\" class=\"wc-block-grid__product-link\">\n\t\t\t\t\t\n\t\t\t\t\t<div class=\"wc-block-grid__product-image\"><img loading=\"lazy\" decoding=\"async\" width=\"300\" height=\"300\" src=\"https:\/\/isbm-molding.com\/wp-content\/uploads\/woocommerce-placeholder-300x300.webp\" class=\"woocommerce-placeholder wp-post-image\" alt=\"\" srcset=\"https:\/\/isbm-molding.com\/wp-content\/uploads\/woocommerce-placeholder-300x300.webp 300w, https:\/\/isbm-molding.com\/wp-content\/uploads\/woocommerce-placeholder-100x100.webp 100w, https:\/\/isbm-molding.com\/wp-content\/uploads\/woocommerce-placeholder-600x600.webp 600w, https:\/\/isbm-molding.com\/wp-content\/uploads\/woocommerce-placeholder-1024x1024.webp 1024w, https:\/\/isbm-molding.com\/wp-content\/uploads\/woocommerce-placeholder-150x150.webp 150w, https:\/\/isbm-molding.com\/wp-content\/uploads\/woocommerce-placeholder-768x768.webp 768w, https:\/\/isbm-molding.com\/wp-content\/uploads\/woocommerce-placeholder.webp 1200w\" sizes=\"auto, (max-width: 300px) 100vw, 300px\" \/><\/div>\n\t\t\t\t\t<div class=\"wc-block-grid__product-title\">T\u1ea5m \u0111\u1ee1 k\u1ebft n\u1ed1i khu\u00f4n chuy\u00ean d\u1ee5ng ASB-12M \u2013 Th\u00e0nh ph\u1ea7n c\u1ed1t l\u00f5i c\u1ee7a khu\u00f4n 1x6 khoang, dung t\u00edch 15ml<\/div>\n\t\t\t\t<\/a>\n\t\t\t\t<div class=\"wc-block-grid__product-price price\"><\/div>\n\t\t\t\t\n\t\t\t\t<div class=\"wp-block-button wc-block-grid__product-add-to-cart\"><a href=\"https:\/\/isbm-molding.com\/vi\/san-pham\/asb-12m-dedicated-mold-connection-support-plate\/\" aria-label=\"\u0110\u1ecdc th\u00eam v\u1ec1 \u201cASB-12M Dedicated Mold Connection Support Plate - 15ml 1x6 Cavity Tooling Core Component\u201d\" data-quantity=\"1\" data-product_id=\"512\" data-product_sku=\"\" data-price=\"0\" rel=\"nofollow\" class=\"wp-block-button__link  add_to_cart_button\" data-no-translation=\"\" data-trp-gettext=\"\" data-no-translation-aria-label=\"\">\u0110\u1ecdc ti\u1ebfp<\/a><\/div>\n\t\t\t<\/li><\/ul><\/div><\/div>\n<\/div>","protected":false},"excerpt":{"rendered":"","protected":false},"author":1,"featured_media":0,"parent":0,"menu_order":0,"comment_status":"closed","ping_status":"closed","template":"","meta":{"_et_pb_use_builder":"","_et_pb_old_content":"","_et_gb_content_width":"","footnotes":""},"class_list":["post-10","page","type-page","status-publish","hentry"],"_links":{"self":[{"href":"https:\/\/isbm-molding.com\/vi\/wp-json\/wp\/v2\/pages\/10","targetHints":{"allow":["GET"]}}],"collection":[{"href":"https:\/\/isbm-molding.com\/vi\/wp-json\/wp\/v2\/pages"}],"about":[{"href":"https:\/\/isbm-molding.com\/vi\/wp-json\/wp\/v2\/types\/page"}],"author":[{"embeddable":true,"href":"https:\/\/isbm-molding.com\/vi\/wp-json\/wp\/v2\/users\/1"}],"replies":[{"embeddable":true,"href":"https:\/\/isbm-molding.com\/vi\/wp-json\/wp\/v2\/comments?post=10"}],"version-history":[{"count":1,"href":"https:\/\/isbm-molding.com\/vi\/wp-json\/wp\/v2\/pages\/10\/revisions"}],"predecessor-version":[{"id":54,"href":"https:\/\/isbm-molding.com\/vi\/wp-json\/wp\/v2\/pages\/10\/revisions\/54"}],"wp:attachment":[{"href":"https:\/\/isbm-molding.com\/vi\/wp-json\/wp\/v2\/media?parent=10"}],"curies":[{"name":"wp","href":"https:\/\/api.w.org\/{rel}","templated":true}]}}